{"id":16294,"date":"2021-07-04T22:57:42","date_gmt":"2021-07-04T22:57:42","guid":{"rendered":"http:\/\/www.prefeituradavitoria.pe.gov.br\/portal\/?page_id=16294"},"modified":"2026-03-27T12:25:06","modified_gmt":"2026-03-27T12:25:06","slug":"secretaria-de-educacao","status":"publish","type":"page","link":"https:\/\/www.prefeituradavitoria.pe.gov.br\/portal\/index.php\/secretaria-de-educacao\/","title":{"rendered":"Secretaria de Educa\u00e7\u00e3o"},"content":{"rendered":"\t\t<div data-elementor-type=\"wp-page\" data-elementor-id=\"16294\" class=\"elementor elementor-16294\">\n\t\t\t\t\t\t<section class=\"elementor-section elementor-top-section elementor-element elementor-element-3c62692 elementor-section-full_width elementor-hidden-tablet elementor-hidden-phone elementor-section-height-default elementor-section-height-default\" data-id=\"3c62692\" data-element_type=\"section\" data-e-type=\"section\">\n\t\t\t\t\t\t<div class=\"elementor-container elementor-column-gap-default\">\n\t\t\t\t\t<div class=\"elementor-column elementor-col-100 elementor-top-column elementor-element elementor-element-9b4bca8\" data-id=\"9b4bca8\" data-element_type=\"column\" data-e-type=\"column\">\n\t\t\t<div class=\"elementor-widget-wrap elementor-element-populated\">\n\t\t\t\t\t\t<div class=\"elementor-element elementor-element-ac6cf41 elementor-widget elementor-widget-spacer\" data-id=\"ac6cf41\" data-element_type=\"widget\" data-e-type=\"widget\" data-widget_type=\"spacer.default\">\n\t\t\t\t<div class=\"elementor-widget-container\">\n\t\t\t\t\t\t\t<div class=\"elementor-spacer\">\n\t\t\t<div class=\"elementor-spacer-inner\"><\/div>\n\t\t<\/div>\n\t\t\t\t\t\t<\/div>\n\t\t\t\t<\/div>\n\t\t\t\t\t<\/div>\n\t\t<\/div>\n\t\t\t\t\t<\/div>\n\t\t<\/section>\n\t\t\t\t<section class=\"elementor-section elementor-top-section elementor-element elementor-element-a073d36 elementor-section-boxed elementor-section-height-default elementor-section-height-default\" data-id=\"a073d36\" data-element_type=\"section\" data-e-type=\"section\" data-settings=\"{&quot;background_background&quot;:&quot;classic&quot;,&quot;shape_divider_top&quot;:&quot;pyramids&quot;}\">\n\t\t\t\t\t<div class=\"elementor-shape elementor-shape-top\" aria-hidden=\"true\" data-negative=\"false\">\n\t\t\t<svg xmlns=\"http:\/\/www.w3.org\/2000\/svg\" viewBox=\"0 0 1000 100\" preserveAspectRatio=\"none\">\n\t<path class=\"elementor-shape-fill\" d=\"M761.9,44.1L643.1,27.2L333.8,98L0,3.8V0l1000,0v3.9\"\/>\n<\/svg>\t\t<\/div>\n\t\t\t\t\t<div class=\"elementor-container elementor-column-gap-default\">\n\t\t\t\t\t<div class=\"elementor-column elementor-col-100 elementor-top-column elementor-element elementor-element-850d371\" data-id=\"850d371\" data-element_type=\"column\" data-e-type=\"column\">\n\t\t\t<div class=\"elementor-widget-wrap elementor-element-populated\">\n\t\t\t\t\t\t<div class=\"elementor-element elementor-element-f2143fe elementor-widget elementor-widget-hfe-breadcrumbs-widget\" data-id=\"f2143fe\" data-element_type=\"widget\" data-e-type=\"widget\" data-widget_type=\"hfe-breadcrumbs-widget.default\">\n\t\t\t\t<div class=\"elementor-widget-container\">\n\t\t\t\t\t<nav aria-label=\"Breadcrumb\"><ul class=\"hfe-breadcrumbs hfe-breadcrumbs-show-home\"><li class=\"hfe-breadcrumbs-item hfe-breadcrumbs-first\"><span class=\"hfe-breadcrumbs-home-icon\"><i aria-hidden=\"true\" class=\"fas fa-home\"><\/i><\/span><a href=\"https:\/\/www.prefeituradavitoria.pe.gov.br\/portal\"><span class=\"hfe-breadcrumbs-text\">Home<\/span><\/a><\/li><\/ul><\/nav>\t\t\t\t<\/div>\n\t\t\t\t<\/div>\n\t\t\t\t<div class=\"elementor-element elementor-element-bc71b92 elementor-widget elementor-widget-heading\" data-id=\"bc71b92\" data-element_type=\"widget\" data-e-type=\"widget\" data-widget_type=\"heading.default\">\n\t\t\t\t<div class=\"elementor-widget-container\">\n\t\t\t\t\t<h2 class=\"elementor-heading-title elementor-size-default\">SECRETARIA DE EDUCA\u00c7\u00c3O<\/h2>\t\t\t\t<\/div>\n\t\t\t\t<\/div>\n\t\t\t\t\t<\/div>\n\t\t<\/div>\n\t\t\t\t\t<\/div>\n\t\t<\/section>\n\t\t\t\t<section class=\"elementor-section elementor-top-section elementor-element elementor-element-e9cc1b0 elementor-section-boxed elementor-section-height-default elementor-section-height-default\" data-id=\"e9cc1b0\" data-element_type=\"section\" data-e-type=\"section\">\n\t\t\t\t\t\t<div class=\"elementor-container elementor-column-gap-default\">\n\t\t\t\t\t<div class=\"elementor-column elementor-col-100 elementor-top-column elementor-element elementor-element-74f0fb3\" data-id=\"74f0fb3\" data-element_type=\"column\" data-e-type=\"column\">\n\t\t\t<div class=\"elementor-widget-wrap elementor-element-populated\">\n\t\t\t\t\t\t<div class=\"elementor-element elementor-element-45c4889 elementor-widget elementor-widget-heading\" data-id=\"45c4889\" data-element_type=\"widget\" data-e-type=\"widget\" data-widget_type=\"heading.default\">\n\t\t\t\t<div class=\"elementor-widget-container\">\n\t\t\t\t\t<h4 class=\"elementor-heading-title elementor-size-default\">Not\u00edcias <\/h4>\t\t\t\t<\/div>\n\t\t\t\t<\/div>\n\t\t\t\t<div class=\"elementor-element elementor-element-18f8371 anwp-pg-post-teaser__post-icon--size-16 elementor-widget elementor-widget-anwp-pg-hero-block\" data-id=\"18f8371\" data-element_type=\"widget\" data-e-type=\"widget\" data-widget_type=\"anwp-pg-hero-block.default\">\n\t\t\t\t<div class=\"elementor-widget-container\">\n\t\t\t\t\t<div class=\"anwp-pg-wrap\">\n\t<div class=\"d-flex anwp-row flex-wrap anwp-no-gutters anwp-pg-hero-block anwp-pg-posts-wrapper anwp-pg-gutter--thin\">\n\n\t\t<div class=\"anwp-col-sm-9 anwp-col-lg-6 anwp-pg-height-2x anwp-pg-hero-main-block-wrapper\">\n\t\t\t<div class=\"anwp-pg-post-teaser anwp-pg-post-teaser--layout-a anwp-pg-hero-main-block my-0\">\n\t<div class=\"anwp-pg-post-teaser__thumbnail position-relative\">\n\n\t\t\n\t\t\t\t\t<img loading=\"lazy\" class=\"anwp-pg-post-teaser__thumbnail-img d-block anwp-pg-height-180 anwp-object-cover m-0 w-100\"\n\t\t\t\talt=\"Prefeitura da Vit\u00f3ria de Santo Ant\u00e3o realiza abertura oficial do ano letivo 2026\"\n\t\t\t\tsrc=\"https:\/\/www.prefeituradavitoria.pe.gov.br\/portal\/wp-content\/uploads\/2026\/02\/WhatsApp-Image-2026-02-03-at-19.44.50-300x225.jpeg\" \/>\n\t\t\n\t\t<div class=\"anwp-pg-post-teaser__muted_bg\"><\/div>\n\t\t<div class=\"anwp-pg-post-teaser__thumbnail-bg anwp-position-cover\"><\/div>\n\n\t\t<div class=\"anwp-pg-post-teaser__content d-flex flex-column anwp-position-cover\">\n\t\t\t<div class=\"anwp-pg-post-teaser__top-meta d-flex mb-2\">\n\t\t\t\t\t\t\t<\/div>\n\n\t\t\t\n\t\t\t<div class=\"anwp-pg-post-teaser__title anwp-font-heading mt-auto mb-1\">\n\t\t\t\tPrefeitura da Vit\u00f3ria de Santo Ant\u00e3o realiza abertura oficial do ano letivo 2026\t\t\t<\/div>\n\n\t\t\t\t\t\t\t<div class=\"anwp-pg-post-teaser__bottom-meta mt-1 position-relative mb-2\">\n\t\t\t\t\t<span class=\"posted-on m-0\"><span class=\"screen-reader-text\">Posted on<\/span><time class=\"anwp-pg-published\" datetime=\"2026-02-03T10:40:06+00:00\">3 de fevereiro de 2026<\/time><time class=\"anwp-pg-updated\" datetime=\"2026-02-03T22:45:48+00:00\">3 de fevereiro de 2026<\/time><\/span>\n\t\t\t\t<\/div>\n\t\t\t\t\t<\/div>\n\n\t\t<a class=\"anwp-position-cover anwp-link-without-effects\" href=\"https:\/\/www.prefeituradavitoria.pe.gov.br\/portal\/index.php\/2026\/02\/03\/prefeitura-da-vitoria-de-santo-antao-realiza-abertura-oficial-do-ano-letivo-2026\/\" aria-hidden=\"true\" ><\/a>\n\t<\/div>\n<\/div>\n\t\t<\/div>\n\t\t<div class=\"anwp-col-sm-3 anwp-pg-hero-secondary-block-wrapper\">\n\t\t\t<div class=\"anwp-pg-post-teaser anwp-pg-post-teaser--layout-a anwp-pg-hero-secondary-block\">\n\t<div class=\"anwp-pg-post-teaser__thumbnail position-relative\">\n\n\t\t\n\t\t\t\t\t<img loading=\"lazy\" class=\"anwp-pg-post-teaser__thumbnail-img d-block anwp-pg-height-180 anwp-object-cover m-0 w-100\"\n\t\t\t\talt=\"SEMED divulga prazo para solicitar carteira do transporte universit\u00e1rio do per\u00edodo 2026.1\"\n\t\t\t\tsrc=\"https:\/\/www.prefeituradavitoria.pe.gov.br\/portal\/wp-content\/uploads\/2025\/02\/SANITIZACAO-TRANSPORTE-ESCOLAR-E-SAUDE-6-1024x768-1-300x225.jpeg\" \/>\n\t\t\n\t\t<div class=\"anwp-pg-post-teaser__muted_bg\"><\/div>\n\t\t<div class=\"anwp-pg-post-teaser__thumbnail-bg anwp-position-cover\"><\/div>\n\n\t\t<div class=\"anwp-pg-post-teaser__content d-flex flex-column anwp-position-cover\">\n\t\t\t<div class=\"anwp-pg-post-teaser__top-meta d-flex mb-2\">\n\t\t\t\t\t\t\t<\/div>\n\n\t\t\t\n\t\t\t<div class=\"anwp-pg-post-teaser__title anwp-font-heading mt-auto mb-1\">\n\t\t\t\tSEMED divulga prazo para solicitar carteira do transporte universit\u00e1rio do per\u00edodo 2026.1\t\t\t<\/div>\n\n\t\t\t\t\t\t\t<div class=\"anwp-pg-post-teaser__bottom-meta mt-1 position-relative mb-2\">\n\t\t\t\t\t<span class=\"posted-on m-0\"><span class=\"screen-reader-text\">Posted on<\/span><time class=\"anwp-pg-published\" datetime=\"2026-01-21T13:19:04+00:00\">21 de janeiro de 2026<\/time><time class=\"anwp-pg-updated\" datetime=\"2026-01-21T19:25:29+00:00\">21 de janeiro de 2026<\/time><\/span>\n\t\t\t\t<\/div>\n\t\t\t\t\t<\/div>\n\n\t\t<a class=\"anwp-position-cover anwp-link-without-effects\" href=\"https:\/\/www.prefeituradavitoria.pe.gov.br\/portal\/index.php\/2026\/01\/21\/semed-divulga-prazo-para-solicitar-carteira-do-transporte-universitario-do-periodo-2026-1\/\" aria-hidden=\"true\" ><\/a>\n\t<\/div>\n<\/div>\n<div class=\"anwp-pg-post-teaser anwp-pg-post-teaser--layout-a anwp-pg-hero-secondary-block\">\n\t<div class=\"anwp-pg-post-teaser__thumbnail position-relative\">\n\n\t\t\n\t\t\t\t\t<img loading=\"lazy\" class=\"anwp-pg-post-teaser__thumbnail-img d-block anwp-pg-height-180 anwp-object-cover m-0 w-100\"\n\t\t\t\talt=\"Vit\u00f3ria de Santo Ant\u00e3o \u00e9 1\u00ba lugar no IDEPE nos anos finais do Ensino Fundamental e se destaca na Mata Centro\"\n\t\t\t\tsrc=\"https:\/\/www.prefeituradavitoria.pe.gov.br\/portal\/wp-content\/uploads\/2025\/12\/WhatsApp-Image-2025-12-18-at-08.20.55-300x206.jpeg\" \/>\n\t\t\n\t\t<div class=\"anwp-pg-post-teaser__muted_bg\"><\/div>\n\t\t<div class=\"anwp-pg-post-teaser__thumbnail-bg anwp-position-cover\"><\/div>\n\n\t\t<div class=\"anwp-pg-post-teaser__content d-flex flex-column anwp-position-cover\">\n\t\t\t<div class=\"anwp-pg-post-teaser__top-meta d-flex mb-2\">\n\t\t\t\t\t\t\t<\/div>\n\n\t\t\t\n\t\t\t<div class=\"anwp-pg-post-teaser__title anwp-font-heading mt-auto mb-1\">\n\t\t\t\tVit\u00f3ria de Santo Ant\u00e3o \u00e9 1\u00ba lugar no IDEPE nos anos finais do Ensino Fundamental e se destaca na Mata Centro\t\t\t<\/div>\n\n\t\t\t\t\t\t\t<div class=\"anwp-pg-post-teaser__bottom-meta mt-1 position-relative mb-2\">\n\t\t\t\t\t<span class=\"posted-on m-0\"><span class=\"screen-reader-text\">Posted on<\/span><time class=\"anwp-pg-published\" datetime=\"2025-12-18T19:22:51+00:00\">18 de dezembro de 2025<\/time><time class=\"anwp-pg-updated\" datetime=\"2025-12-18T19:22:51+00:00\">18 de dezembro de 2025<\/time><\/span>\n\t\t\t\t<\/div>\n\t\t\t\t\t<\/div>\n\n\t\t<a class=\"anwp-position-cover anwp-link-without-effects\" href=\"https:\/\/www.prefeituradavitoria.pe.gov.br\/portal\/index.php\/2025\/12\/18\/vitoria-de-santo-antao-e-1o-lugar-no-idepe-nos-anos-finais-do-ensino-fundamental-e-se-destaca-na-mata-centro\/\" aria-hidden=\"true\" ><\/a>\n\t<\/div>\n<\/div>\n\t\t<\/div>\n\t\t<div class=\"anwp-col-sm-3 anwp-pg-hero-secondary-block-wrapper d-sm-none d-lg-block\">\n\t\t\t<div class=\"anwp-pg-post-teaser anwp-pg-post-teaser--layout-a anwp-pg-hero-secondary-block\">\n\t<div class=\"anwp-pg-post-teaser__thumbnail position-relative\">\n\n\t\t\n\t\t\t\t\t<img loading=\"lazy\" class=\"anwp-pg-post-teaser__thumbnail-img d-block anwp-pg-height-180 anwp-object-cover m-0 w-100\"\n\t\t\t\talt=\"Cantata Natalina e chegada do Papai Noel encantam p\u00fablico na Esta\u00e7\u00e3o Ferrovi\u00e1ria\"\n\t\t\t\tsrc=\"https:\/\/www.prefeituradavitoria.pe.gov.br\/portal\/wp-content\/uploads\/2025\/12\/CANTATA-03-DE-AGOSTO-300x225.jpeg\" \/>\n\t\t\n\t\t<div class=\"anwp-pg-post-teaser__muted_bg\"><\/div>\n\t\t<div class=\"anwp-pg-post-teaser__thumbnail-bg anwp-position-cover\"><\/div>\n\n\t\t<div class=\"anwp-pg-post-teaser__content d-flex flex-column anwp-position-cover\">\n\t\t\t<div class=\"anwp-pg-post-teaser__top-meta d-flex mb-2\">\n\t\t\t\t\t\t\t<\/div>\n\n\t\t\t\n\t\t\t<div class=\"anwp-pg-post-teaser__title anwp-font-heading mt-auto mb-1\">\n\t\t\t\tCantata Natalina e chegada do Papai Noel encantam p\u00fablico na Esta\u00e7\u00e3o Ferrovi\u00e1ria\t\t\t<\/div>\n\n\t\t\t\t\t\t\t<div class=\"anwp-pg-post-teaser__bottom-meta mt-1 position-relative mb-2\">\n\t\t\t\t\t<span class=\"posted-on m-0\"><span class=\"screen-reader-text\">Posted on<\/span><time class=\"anwp-pg-published\" datetime=\"2025-12-18T11:55:23+00:00\">18 de dezembro de 2025<\/time><time class=\"anwp-pg-updated\" datetime=\"2025-12-18T11:55:23+00:00\">18 de dezembro de 2025<\/time><\/span>\n\t\t\t\t<\/div>\n\t\t\t\t\t<\/div>\n\n\t\t<a class=\"anwp-position-cover anwp-link-without-effects\" href=\"https:\/\/www.prefeituradavitoria.pe.gov.br\/portal\/index.php\/2025\/12\/18\/cantata-natalina-e-chegada-do-papai-noel-encantam-publico-na-estacao-ferroviaria\/\" aria-hidden=\"true\" ><\/a>\n\t<\/div>\n<\/div>\n<div class=\"anwp-pg-post-teaser anwp-pg-post-teaser--layout-a anwp-pg-hero-secondary-block\">\n\t<div class=\"anwp-pg-post-teaser__thumbnail position-relative\">\n\n\t\t\n\t\t\t\t\t<img loading=\"lazy\" class=\"anwp-pg-post-teaser__thumbnail-img d-block anwp-pg-height-180 anwp-object-cover m-0 w-100\"\n\t\t\t\talt=\"Vit\u00f3ria realiza F\u00f3rum Comunit\u00e1rio do Selo Unicef e busca reconhecimento universal pela segunda vez\"\n\t\t\t\tsrc=\"https:\/\/www.prefeituradavitoria.pe.gov.br\/portal\/wp-content\/uploads\/2025\/12\/WhatsApp-Image-2025-12-04-at-21.32.34-300x225.jpeg\" \/>\n\t\t\n\t\t<div class=\"anwp-pg-post-teaser__muted_bg\"><\/div>\n\t\t<div class=\"anwp-pg-post-teaser__thumbnail-bg anwp-position-cover\"><\/div>\n\n\t\t<div class=\"anwp-pg-post-teaser__content d-flex flex-column anwp-position-cover\">\n\t\t\t<div class=\"anwp-pg-post-teaser__top-meta d-flex mb-2\">\n\t\t\t\t\t\t\t<\/div>\n\n\t\t\t\n\t\t\t<div class=\"anwp-pg-post-teaser__title anwp-font-heading mt-auto mb-1\">\n\t\t\t\tVit\u00f3ria realiza F\u00f3rum Comunit\u00e1rio do Selo Unicef e busca reconhecimento universal pela segunda vez\t\t\t<\/div>\n\n\t\t\t\t\t\t\t<div class=\"anwp-pg-post-teaser__bottom-meta mt-1 position-relative mb-2\">\n\t\t\t\t\t<span class=\"posted-on m-0\"><span class=\"screen-reader-text\">Posted on<\/span><time class=\"anwp-pg-published\" datetime=\"2025-12-05T12:37:30+00:00\">5 de dezembro de 2025<\/time><time class=\"anwp-pg-updated\" datetime=\"2025-12-05T12:37:30+00:00\">5 de dezembro de 2025<\/time><\/span>\n\t\t\t\t<\/div>\n\t\t\t\t\t<\/div>\n\n\t\t<a class=\"anwp-position-cover anwp-link-without-effects\" href=\"https:\/\/www.prefeituradavitoria.pe.gov.br\/portal\/index.php\/2025\/12\/05\/vitoria-realiza-forum-comunitario-do-selo-unicef-e-busca-reconhecimento-universal-pela-segunda-vez\/\" aria-hidden=\"true\" ><\/a>\n\t<\/div>\n<\/div>\n\t\t<\/div>\n\t<\/div>\n<\/div>\n\t\t\t\t<\/div>\n\t\t\t\t<\/div>\n\t\t\t\t<div class=\"elementor-element elementor-element-4784fee elementor-button-info elementor-align-right elementor-widget elementor-widget-button\" data-id=\"4784fee\" data-element_type=\"widget\" data-e-type=\"widget\" data-widget_type=\"button.default\">\n\t\t\t\t<div class=\"elementor-widget-container\">\n\t\t\t\t\t\t\t\t\t<div class=\"elementor-button-wrapper\">\n\t\t\t\t\t<a class=\"elementor-button elementor-button-link elementor-size-sm\" href=\"http:\/\/www.prefeituradavitoria.pe.gov.br\/portal\/index.php\/category\/secretaria-da-mulher\/\">\n\t\t\t\t\t\t<span class=\"elementor-button-content-wrapper\">\n\t\t\t\t\t\t<span class=\"elementor-button-icon\">\n\t\t\t\t<i aria-hidden=\"true\" class=\"fas fa-arrow-right\"><\/i>\t\t\t<\/span>\n\t\t\t\t\t\t\t\t\t<span class=\"elementor-button-text\">VER TODAS<\/span>\n\t\t\t\t\t<\/span>\n\t\t\t\t\t<\/a>\n\t\t\t\t<\/div>\n\t\t\t\t\t\t\t\t<\/div>\n\t\t\t\t<\/div>\n\t\t\t\t\t<\/div>\n\t\t<\/div>\n\t\t\t\t\t<\/div>\n\t\t<\/section>\n\t\t\t\t<section class=\"elementor-section elementor-top-section elementor-element elementor-element-926a371 elementor-section-boxed elementor-section-height-default elementor-section-height-default\" data-id=\"926a371\" data-element_type=\"section\" data-e-type=\"section\">\n\t\t\t\t\t\t<div class=\"elementor-container elementor-column-gap-default\">\n\t\t\t\t\t<div class=\"elementor-column elementor-col-100 elementor-top-column elementor-element elementor-element-5343dcc\" data-id=\"5343dcc\" data-element_type=\"column\" data-e-type=\"column\">\n\t\t\t<div class=\"elementor-widget-wrap elementor-element-populated\">\n\t\t\t\t\t\t<div class=\"elementor-element elementor-element-f394906 elementor-tabs-view-horizontal elementor-widget elementor-widget-tabs\" data-id=\"f394906\" data-element_type=\"widget\" data-e-type=\"widget\" data-widget_type=\"tabs.default\">\n\t\t\t\t<div class=\"elementor-widget-container\">\n\t\t\t\t\t\t\t<div class=\"elementor-tabs\">\n\t\t\t<div class=\"elementor-tabs-wrapper\" role=\"tablist\" >\n\t\t\t\t\t\t\t\t\t<div id=\"elementor-tab-title-2551\" class=\"elementor-tab-title elementor-tab-desktop-title\" aria-selected=\"true\" data-tab=\"1\" role=\"tab\" tabindex=\"0\" aria-controls=\"elementor-tab-content-2551\" aria-expanded=\"false\">Sobre a Secretaria<\/div>\n\t\t\t\t\t\t\t\t\t<div id=\"elementor-tab-title-2552\" class=\"elementor-tab-title elementor-tab-desktop-title\" aria-selected=\"false\" data-tab=\"2\" role=\"tab\" tabindex=\"-1\" aria-controls=\"elementor-tab-content-2552\" aria-expanded=\"false\">Contato<\/div>\n\t\t\t\t\t\t\t<\/div>\n\t\t\t<div class=\"elementor-tabs-content-wrapper\" role=\"tablist\" aria-orientation=\"vertical\">\n\t\t\t\t\t\t\t\t\t<div class=\"elementor-tab-title elementor-tab-mobile-title\" aria-selected=\"true\" data-tab=\"1\" role=\"tab\" tabindex=\"0\" aria-controls=\"elementor-tab-content-2551\" aria-expanded=\"false\">Sobre a Secretaria<\/div>\n\t\t\t\t\t<div id=\"elementor-tab-content-2551\" class=\"elementor-tab-content elementor-clearfix\" data-tab=\"1\" role=\"tabpanel\" aria-labelledby=\"elementor-tab-title-2551\" tabindex=\"0\" hidden=\"false\"><p align=\"justify\"><strong>Atribui\u00e7\u00f5es:<\/strong>\u00a0Planejamento e a execu\u00e7\u00e3o da pol\u00edtica educacional do Munic\u00edpio, especificamente atrav\u00e9s das seguintes atividades: instala\u00e7\u00e3o e manuten\u00e7\u00e3o de estabelecimentos de ensino que oferecem a Educa\u00e7\u00e3o B\u00e1sica: Educa\u00e7\u00e3o Infantil e Ensino Fundamental; planejamento, organiza\u00e7\u00e3o, administra\u00e7\u00e3o, orienta\u00e7\u00e3o, acompanhamento, controle e avalia\u00e7\u00e3o do sistema educacional do Munic\u00edpio, em conson\u00e2ncia com os sistemas estadual e federal de educa\u00e7\u00e3o, bem como a ado\u00e7\u00e3o de medidas que visem a sua expans\u00e3o, consolida\u00e7\u00e3o e aperfei\u00e7oamento; atualiza\u00e7\u00e3o permanente da a\u00e7\u00e3o educativa, ajustando-a \u00e0s realidades local e regional, pela eleva\u00e7\u00e3o do n\u00edvel da produtividade da educa\u00e7\u00e3o, visando a melhoria qualitativa dos processos educativos; controle e fiscaliza\u00e7\u00e3o do funcionamento dos pr\u00e9dios e estabelecimentos de ensino a n\u00edvel municipal; promo\u00e7\u00e3o da perfeita articula\u00e7\u00e3o com os governos estadual e federal em mat\u00e9ria de legisla\u00e7\u00e3o da pol\u00edtica educacional; promo\u00e7\u00e3o de a\u00e7\u00f5es integradoras com os demais \u00f3rg\u00e3os componentes da administra\u00e7\u00e3o p\u00fablica municipal, estadual e federal, cujas atividades se inter-relacionem com a a\u00e7\u00e3o educacional; manuten\u00e7\u00e3o dos programas de assist\u00eancia ao estudante e outras atividades correlatas determinadas pelo Prefeito.<\/p><\/div>\n\t\t\t\t\t\t\t\t\t<div class=\"elementor-tab-title elementor-tab-mobile-title\" aria-selected=\"false\" data-tab=\"2\" role=\"tab\" tabindex=\"-1\" aria-controls=\"elementor-tab-content-2552\" aria-expanded=\"false\">Contato<\/div>\n\t\t\t\t\t<div id=\"elementor-tab-content-2552\" class=\"elementor-tab-content elementor-clearfix\" data-tab=\"2\" role=\"tabpanel\" aria-labelledby=\"elementor-tab-title-2552\" tabindex=\"0\" hidden=\"hidden\"><p><a href=\"http:\/\/www.prefeituradavitoria.pe.gov.br\/portal\/wp-content\/uploads\/2026\/03\/ANA-PAULA.png\"><img fetchpriority=\"high\" decoding=\"async\" class=\"size-medium wp-image-34304 alignright\" src=\"http:\/\/www.prefeituradavitoria.pe.gov.br\/portal\/wp-content\/uploads\/2026\/03\/ANA-PAULA-225x300.png\" alt=\"\" width=\"225\" height=\"300\" srcset=\"https:\/\/www.prefeituradavitoria.pe.gov.br\/portal\/wp-content\/uploads\/2026\/03\/ANA-PAULA-225x300.png 225w, https:\/\/www.prefeituradavitoria.pe.gov.br\/portal\/wp-content\/uploads\/2026\/03\/ANA-PAULA-768x1024.png 768w, https:\/\/www.prefeituradavitoria.pe.gov.br\/portal\/wp-content\/uploads\/2026\/03\/ANA-PAULA.png 1080w\" sizes=\"(max-width: 225px) 100vw, 225px\" \/><\/a><\/p>\n<p><strong>Secret\u00e1rio:&nbsp;<\/strong>&nbsp;Ana Paula Bezerra e Silva<br><strong>Telefone:&nbsp;<\/strong>(81) 3523.0872<br><strong>Endere\u00e7o:&nbsp;<\/strong>&nbsp;Pra\u00e7a 03 de Agosto, 62 \u2013 Livramento \u2013&nbsp;Vit\u00f3ria de Santo Ant\u00e3o<br><strong>E-mail:&nbsp;<\/strong><a href=\"mailto:educacao@prefeituradavitoria.pe.gov.br\">educacao@prefeituradavitoria.pe.gov.br<\/a><strong><br><\/strong><strong>Hor\u00e1rio de Funcionamento:<\/strong>&nbsp;Segunda \u00e0 Sexta das 7h \u00e0s 13h<\/p><\/div>\n\t\t\t\t\t\t\t<\/div>\n\t\t<\/div>\n\t\t\t\t\t\t<\/div>\n\t\t\t\t<\/div>\n\t\t\t\t\t<\/div>\n\t\t<\/div>\n\t\t\t\t\t<\/div>\n\t\t<\/section>\n\t\t\t\t<\/div>\n\t\t","protected":false},"excerpt":{"rendered":"<p>Home SECRETARIA DE EDUCA\u00c7\u00c3O Not\u00edcias Prefeitura da Vit\u00f3ria de Santo Ant\u00e3o realiza abertura oficial do ano letivo 2026 Posted on3 de fevereiro de 20263 de fevereiro de 2026 SEMED divulga prazo para solicitar carteira do transporte universit\u00e1rio do per\u00edodo 2026.1 Posted on21 de janeiro de 202621 de janeiro de 2026 Vit\u00f3ria de Santo Ant\u00e3o \u00e9 [&hellip;]<\/p>\n","protected":false},"author":1,"featured_media":0,"parent":0,"menu_order":0,"comment_status":"closed","ping_status":"closed","template":"","meta":{"site-sidebar-layout":"no-sidebar","site-content-layout":"page-builder","ast-site-content-layout":"default","site-content-style":"default","site-sidebar-style":"default","ast-global-header-display":"","ast-banner-title-visibility":"","ast-main-header-display":"","ast-hfb-above-header-display":"","ast-hfb-below-header-display":"","ast-hfb-mobile-header-display":"","site-post-title":"disabled","ast-breadcrumbs-content":"disabled","ast-featured-img":"disabled","footer-sml-layout":"","ast-disable-related-posts":"","theme-transparent-header-meta":"enabled","adv-header-id-meta":"","stick-header-meta":"","header-above-stick-meta":"","header-main-stick-meta":"","header-below-stick-meta":"","astra-migrate-meta-layouts":"default","ast-page-background-enabled":"default","ast-page-background-meta":{"desktop":{"background-color":"","background-image":"","background-repeat":"repeat","background-position":"center center","background-size":"auto","background-attachment":"scroll","background-type":"","background-media":"","overlay-type":"","overlay-color":"","overlay-opacity":"","overlay-gradient":""},"tablet":{"background-color":"","background-image":"","background-repeat":"repeat","background-position":"center center","background-size":"auto","background-attachment":"scroll","background-type":"","background-media":"","overlay-type":"","overlay-color":"","overlay-opacity":"","overlay-gradient":""},"mobile":{"background-color":"","background-image":"","background-repeat":"repeat","background-position":"center center","background-size":"auto","background-attachment":"scroll","background-type":"","background-media":"","overlay-type":"","overlay-color":"","overlay-opacity":"","overlay-gradient":""}},"ast-content-background-meta":{"desktop":{"background-color":"var(--ast-global-color-5)","background-image":"","background-repeat":"repeat","background-position":"center center","background-size":"auto","background-attachment":"scroll","background-type":"","background-media":"","overlay-type":"","overlay-color":"","overlay-opacity":"","overlay-gradient":""},"tablet":{"background-color":"var(--ast-global-color-5)","background-image":"","background-repeat":"repeat","background-position":"center center","background-size":"auto","background-attachment":"scroll","background-type":"","background-media":"","overlay-type":"","overlay-color":"","overlay-opacity":"","overlay-gradient":""},"mobile":{"background-color":"var(--ast-global-color-5)","background-image":"","background-repeat":"repeat","background-position":"center center","background-size":"auto","background-attachment":"scroll","background-type":"","background-media":"","overlay-type":"","overlay-color":"","overlay-opacity":"","overlay-gradient":""}},"footnotes":""},"class_list":["post-16294","page","type-page","status-publish","hentry"],"_links":{"self":[{"href":"https:\/\/www.prefeituradavitoria.pe.gov.br\/portal\/index.php\/wp-json\/wp\/v2\/pages\/16294","targetHints":{"allow":["GET"]}}],"collection":[{"href":"https:\/\/www.prefeituradavitoria.pe.gov.br\/portal\/index.php\/wp-json\/wp\/v2\/pages"}],"about":[{"href":"https:\/\/www.prefeituradavitoria.pe.gov.br\/portal\/index.php\/wp-json\/wp\/v2\/types\/page"}],"author":[{"embeddable":true,"href":"https:\/\/www.prefeituradavitoria.pe.gov.br\/portal\/index.php\/wp-json\/wp\/v2\/users\/1"}],"replies":[{"embeddable":true,"href":"https:\/\/www.prefeituradavitoria.pe.gov.br\/portal\/index.php\/wp-json\/wp\/v2\/comments?post=16294"}],"version-history":[{"count":67,"href":"https:\/\/www.prefeituradavitoria.pe.gov.br\/portal\/index.php\/wp-json\/wp\/v2\/pages\/16294\/revisions"}],"predecessor-version":[{"id":34310,"href":"https:\/\/www.prefeituradavitoria.pe.gov.br\/portal\/index.php\/wp-json\/wp\/v2\/pages\/16294\/revisions\/34310"}],"wp:attachment":[{"href":"https:\/\/www.prefeituradavitoria.pe.gov.br\/portal\/index.php\/wp-json\/wp\/v2\/media?parent=16294"}],"curies":[{"name":"wp","href":"https:\/\/api.w.org\/{rel}","templated":true}]}}