{"id":18181,"date":"2021-08-25T12:20:25","date_gmt":"2021-08-25T12:20:25","guid":{"rendered":"http:\/\/www.prefeituradavitoria.pe.gov.br\/portal\/?page_id=18181"},"modified":"2025-05-26T23:02:29","modified_gmt":"2025-05-26T23:02:29","slug":"secretaria-do-desenvolvimento-rural-e-fomento-agricola","status":"publish","type":"page","link":"https:\/\/www.prefeituradavitoria.pe.gov.br\/portal\/index.php\/secretaria-do-desenvolvimento-rural-e-fomento-agricola\/","title":{"rendered":"Secretaria de Desenvolvimento Rural, Fomento Agr\u00edcola, Pesca e Aquicultura"},"content":{"rendered":"\t\t<div data-elementor-type=\"wp-page\" data-elementor-id=\"18181\" class=\"elementor elementor-18181\">\n\t\t\t\t\t\t<section class=\"elementor-section elementor-top-section elementor-element elementor-element-385e1c3 elementor-section-full_width elementor-hidden-tablet elementor-hidden-phone elementor-section-height-default elementor-section-height-default\" data-id=\"385e1c3\" data-element_type=\"section\" data-e-type=\"section\">\n\t\t\t\t\t\t<div class=\"elementor-container elementor-column-gap-default\">\n\t\t\t\t\t<div class=\"elementor-column elementor-col-100 elementor-top-column elementor-element elementor-element-3cbedca\" data-id=\"3cbedca\" data-element_type=\"column\" data-e-type=\"column\">\n\t\t\t<div class=\"elementor-widget-wrap elementor-element-populated\">\n\t\t\t\t\t\t<div class=\"elementor-element elementor-element-b7f0576 elementor-widget elementor-widget-spacer\" data-id=\"b7f0576\" data-element_type=\"widget\" data-e-type=\"widget\" data-widget_type=\"spacer.default\">\n\t\t\t\t<div class=\"elementor-widget-container\">\n\t\t\t\t\t\t\t<div class=\"elementor-spacer\">\n\t\t\t<div class=\"elementor-spacer-inner\"><\/div>\n\t\t<\/div>\n\t\t\t\t\t\t<\/div>\n\t\t\t\t<\/div>\n\t\t\t\t\t<\/div>\n\t\t<\/div>\n\t\t\t\t\t<\/div>\n\t\t<\/section>\n\t\t\t\t<section class=\"elementor-section elementor-top-section elementor-element elementor-element-4137e38 elementor-section-boxed elementor-section-height-default elementor-section-height-default\" data-id=\"4137e38\" data-element_type=\"section\" data-e-type=\"section\">\n\t\t\t\t\t\t<div class=\"elementor-container elementor-column-gap-default\">\n\t\t\t\t\t<div class=\"elementor-column elementor-col-100 elementor-top-column elementor-element elementor-element-93d998e\" data-id=\"93d998e\" data-element_type=\"column\" data-e-type=\"column\">\n\t\t\t<div class=\"elementor-widget-wrap elementor-element-populated\">\n\t\t\t\t\t\t<div class=\"elementor-element elementor-element-75a01db elementor-widget elementor-widget-hfe-breadcrumbs-widget\" data-id=\"75a01db\" data-element_type=\"widget\" data-e-type=\"widget\" data-widget_type=\"hfe-breadcrumbs-widget.default\">\n\t\t\t\t<div class=\"elementor-widget-container\">\n\t\t\t\t\t<nav aria-label=\"Breadcrumb\"><ul class=\"hfe-breadcrumbs hfe-breadcrumbs-show-home\"><li class=\"hfe-breadcrumbs-item hfe-breadcrumbs-first\"><span class=\"hfe-breadcrumbs-home-icon\"><i aria-hidden=\"true\" class=\"fas fa-home\"><\/i><\/span><a href=\"https:\/\/www.prefeituradavitoria.pe.gov.br\/portal\"><span class=\"hfe-breadcrumbs-text\">Home<\/span><\/a><\/li><\/ul><\/nav>\t\t\t\t<\/div>\n\t\t\t\t<\/div>\n\t\t\t\t\t<\/div>\n\t\t<\/div>\n\t\t\t\t\t<\/div>\n\t\t<\/section>\n\t\t\t\t<section class=\"elementor-section elementor-top-section elementor-element elementor-element-a073d36 elementor-section-boxed elementor-section-height-default elementor-section-height-default\" data-id=\"a073d36\" data-element_type=\"section\" data-e-type=\"section\" data-settings=\"{&quot;background_background&quot;:&quot;classic&quot;,&quot;shape_divider_top&quot;:&quot;pyramids&quot;}\">\n\t\t\t\t\t<div class=\"elementor-shape elementor-shape-top\" aria-hidden=\"true\" data-negative=\"false\">\n\t\t\t<svg xmlns=\"http:\/\/www.w3.org\/2000\/svg\" viewBox=\"0 0 1000 100\" preserveAspectRatio=\"none\">\n\t<path class=\"elementor-shape-fill\" d=\"M761.9,44.1L643.1,27.2L333.8,98L0,3.8V0l1000,0v3.9\"\/>\n<\/svg>\t\t<\/div>\n\t\t\t\t\t<div class=\"elementor-container elementor-column-gap-default\">\n\t\t\t\t\t<div class=\"elementor-column elementor-col-100 elementor-top-column elementor-element elementor-element-850d371\" data-id=\"850d371\" data-element_type=\"column\" data-e-type=\"column\">\n\t\t\t<div class=\"elementor-widget-wrap elementor-element-populated\">\n\t\t\t\t\t\t<div class=\"elementor-element elementor-element-b4c2421 elementor-widget elementor-widget-heading\" data-id=\"b4c2421\" data-element_type=\"widget\" data-e-type=\"widget\" data-widget_type=\"heading.default\">\n\t\t\t\t<div class=\"elementor-widget-container\">\n\t\t\t\t\t<h2 class=\"elementor-heading-title elementor-size-default\">Secretaria de Desenvolvimento Rural, Fomento Agr\u00edcola, Pesca e Aquicultura<\/h2>\t\t\t\t<\/div>\n\t\t\t\t<\/div>\n\t\t\t\t\t<\/div>\n\t\t<\/div>\n\t\t\t\t\t<\/div>\n\t\t<\/section>\n\t\t\t\t<section class=\"elementor-section elementor-top-section elementor-element elementor-element-ee3ae77 elementor-section-boxed elementor-section-height-default elementor-section-height-default\" data-id=\"ee3ae77\" data-element_type=\"section\" data-e-type=\"section\">\n\t\t\t\t\t\t<div class=\"elementor-container elementor-column-gap-default\">\n\t\t\t\t\t<div class=\"elementor-column elementor-col-100 elementor-top-column elementor-element elementor-element-7d831f3\" data-id=\"7d831f3\" data-element_type=\"column\" data-e-type=\"column\">\n\t\t\t<div class=\"elementor-widget-wrap elementor-element-populated\">\n\t\t\t\t\t\t<div class=\"elementor-element elementor-element-9196960 elementor-tabs-view-horizontal elementor-widget elementor-widget-tabs\" data-id=\"9196960\" data-element_type=\"widget\" data-e-type=\"widget\" data-widget_type=\"tabs.default\">\n\t\t\t\t<div class=\"elementor-widget-container\">\n\t\t\t\t\t\t\t<div class=\"elementor-tabs\">\n\t\t\t<div class=\"elementor-tabs-wrapper\" role=\"tablist\" >\n\t\t\t\t\t\t\t\t\t<div id=\"elementor-tab-title-1521\" class=\"elementor-tab-title elementor-tab-desktop-title\" aria-selected=\"true\" data-tab=\"1\" role=\"tab\" tabindex=\"0\" aria-controls=\"elementor-tab-content-1521\" aria-expanded=\"false\">Sobre a Secretaria<\/div>\n\t\t\t\t\t\t\t\t\t<div id=\"elementor-tab-title-1522\" class=\"elementor-tab-title elementor-tab-desktop-title\" aria-selected=\"false\" data-tab=\"2\" role=\"tab\" tabindex=\"-1\" aria-controls=\"elementor-tab-content-1522\" aria-expanded=\"false\">Contato<\/div>\n\t\t\t\t\t\t\t<\/div>\n\t\t\t<div class=\"elementor-tabs-content-wrapper\" role=\"tablist\" aria-orientation=\"vertical\">\n\t\t\t\t\t\t\t\t\t<div class=\"elementor-tab-title elementor-tab-mobile-title\" aria-selected=\"true\" data-tab=\"1\" role=\"tab\" tabindex=\"0\" aria-controls=\"elementor-tab-content-1521\" aria-expanded=\"false\">Sobre a Secretaria<\/div>\n\t\t\t\t\t<div id=\"elementor-tab-content-1521\" class=\"elementor-tab-content elementor-clearfix\" data-tab=\"1\" role=\"tabpanel\" aria-labelledby=\"elementor-tab-title-1521\" tabindex=\"0\" hidden=\"false\"><p><strong>Atribui\u00e7\u00f5es<\/strong>:<br \/>Planejamento operacional e a execu\u00e7\u00e3o das pol\u00edticas municipais, apoiando o produtor rural nas \u00e1reas de defesa sanit\u00e1ria vegetal e animal, assist\u00eancia t\u00e9cnica e extens\u00e3o rural, produzindo informa\u00e7\u00f5es sobre o mercado e pre\u00e7os m\u00ednimos, armazenagem, abastecimento e eletrifica\u00e7\u00e3o rural em articula\u00e7\u00e3o com institui\u00e7\u00f5es dos governos federal e estadual; realizando exposi\u00e7\u00f5es, feiras e outros eventos, com a finalidade de promover e divulgar os produtos agropecu\u00e1rios do Munic\u00edpio; a formula\u00e7\u00e3o e execu\u00e7\u00e3o da pol\u00edtica agr\u00edcola do Munic\u00edpio, abrangendo produ\u00e7\u00e3o, comercializa\u00e7\u00e3o, abastecimento e armazenamento, promovendo a execu\u00e7\u00e3o de programas e projetos de desenvolvimento rural, cooperativismo e associativismo; e outras atribui\u00e7\u00f5es correlatas que lhe forem cometidas pelo Prefeito.<\/p><\/div>\n\t\t\t\t\t\t\t\t\t<div class=\"elementor-tab-title elementor-tab-mobile-title\" aria-selected=\"false\" data-tab=\"2\" role=\"tab\" tabindex=\"-1\" aria-controls=\"elementor-tab-content-1522\" aria-expanded=\"false\">Contato<\/div>\n\t\t\t\t\t<div id=\"elementor-tab-content-1522\" class=\"elementor-tab-content elementor-clearfix\" data-tab=\"2\" role=\"tabpanel\" aria-labelledby=\"elementor-tab-title-1522\" tabindex=\"0\" hidden=\"hidden\"><p><strong><img fetchpriority=\"high\" decoding=\"async\" class=\"size-medium wp-image-31514 alignright\" src=\"http:\/\/www.prefeituradavitoria.pe.gov.br\/portal\/wp-content\/uploads\/2025\/01\/MARCONE-PEDRO-273x300.jpg\" alt=\"\" width=\"273\" height=\"300\" srcset=\"https:\/\/www.prefeituradavitoria.pe.gov.br\/portal\/wp-content\/uploads\/2025\/01\/MARCONE-PEDRO-273x300.jpg 273w, https:\/\/www.prefeituradavitoria.pe.gov.br\/portal\/wp-content\/uploads\/2025\/01\/MARCONE-PEDRO.jpg 350w\" sizes=\"(max-width: 273px) 100vw, 273px\" \/>Secret\u00e1rio:\u00a0<\/strong> Marcone Pedro da Silva<br \/><strong>Telefone:\u00a0<\/strong>(81) 3523.2547<br \/><strong>Endere\u00e7o:\u00a0<\/strong>Av. Henrique de Holanda, 290 \u2013 Caj\u00e1, Vit\u00f3ria de Santo Ant\u00e3o \u2013 PE<br \/><strong>E-mail:\u00a0<\/strong><a href=\"mailto:agricultura@prefeituradavitoria.pe.gov.br\">agricultura@prefeituradavitoria.pe.gov.br<\/a><strong><br \/><\/strong><strong>Hor\u00e1rio de Funcionamento:<\/strong>\u00a0Segunda \u00e0 Sexta das 7h \u00e0s 13h<\/p><\/div>\n\t\t\t\t\t\t\t<\/div>\n\t\t<\/div>\n\t\t\t\t\t\t<\/div>\n\t\t\t\t<\/div>\n\t\t\t\t\t<\/div>\n\t\t<\/div>\n\t\t\t\t\t<\/div>\n\t\t<\/section>\n\t\t\t\t<\/div>\n\t\t","protected":false},"excerpt":{"rendered":"<p>Home Secretaria de Desenvolvimento Rural, Fomento Agr\u00edcola, Pesca e Aquicultura Sobre a Secretaria Contato Sobre a Secretaria Atribui\u00e7\u00f5es:Planejamento operacional e a execu\u00e7\u00e3o das pol\u00edticas municipais, apoiando o produtor rural nas \u00e1reas de defesa sanit\u00e1ria vegetal e animal, assist\u00eancia t\u00e9cnica e extens\u00e3o rural, produzindo informa\u00e7\u00f5es sobre o mercado e pre\u00e7os m\u00ednimos, armazenagem, abastecimento e eletrifica\u00e7\u00e3o rural [&hellip;]<\/p>\n","protected":false},"author":1,"featured_media":0,"parent":0,"menu_order":0,"comment_status":"closed","ping_status":"closed","template":"","meta":{"site-sidebar-layout":"no-sidebar","site-content-layout":"page-builder","ast-site-content-layout":"default","site-content-style":"default","site-sidebar-style":"default","ast-global-header-display":"","ast-banner-title-visibility":"","ast-main-header-display":"","ast-hfb-above-header-display":"","ast-hfb-below-header-display":"","ast-hfb-mobile-header-display":"","site-post-title":"disabled","ast-breadcrumbs-content":null,"ast-featured-img":"disabled","footer-sml-layout":"","ast-disable-related-posts":"","theme-transparent-header-meta":"enabled","adv-header-id-meta":null,"stick-header-meta":null,"header-above-stick-meta":null,"header-main-stick-meta":null,"header-below-stick-meta":null,"astra-migrate-meta-layouts":"default","ast-page-background-enabled":"default","ast-page-background-meta":{"desktop":{"background-color":"","background-image":"","background-repeat":"repeat","background-position":"center center","background-size":"auto","background-attachment":"scroll","background-type":"","background-media":"","overlay-type":"","overlay-color":"","overlay-opacity":"","overlay-gradient":""},"tablet":{"background-color":"","background-image":"","background-repeat":"repeat","background-position":"center center","background-size":"auto","background-attachment":"scroll","background-type":"","background-media":"","overlay-type":"","overlay-color":"","overlay-opacity":"","overlay-gradient":""},"mobile":{"background-color":"","background-image":"","background-repeat":"repeat","background-position":"center center","background-size":"auto","background-attachment":"scroll","background-type":"","background-media":"","overlay-type":"","overlay-color":"","overlay-opacity":"","overlay-gradient":""}},"ast-content-background-meta":{"desktop":{"background-color":"var(--ast-global-color-5)","background-image":"","background-repeat":"repeat","background-position":"center center","background-size":"auto","background-attachment":"scroll","background-type":"","background-media":"","overlay-type":"","overlay-color":"","overlay-opacity":"","overlay-gradient":""},"tablet":{"background-color":"var(--ast-global-color-5)","background-image":"","background-repeat":"repeat","background-position":"center center","background-size":"auto","background-attachment":"scroll","background-type":"","background-media":"","overlay-type":"","overlay-color":"","overlay-opacity":"","overlay-gradient":""},"mobile":{"background-color":"var(--ast-global-color-5)","background-image":"","background-repeat":"repeat","background-position":"center center","background-size":"auto","background-attachment":"scroll","background-type":"","background-media":"","overlay-type":"","overlay-color":"","overlay-opacity":"","overlay-gradient":""}},"footnotes":""},"class_list":["post-18181","page","type-page","status-publish","hentry"],"_links":{"self":[{"href":"https:\/\/www.prefeituradavitoria.pe.gov.br\/portal\/index.php\/wp-json\/wp\/v2\/pages\/18181","targetHints":{"allow":["GET"]}}],"collection":[{"href":"https:\/\/www.prefeituradavitoria.pe.gov.br\/portal\/index.php\/wp-json\/wp\/v2\/pages"}],"about":[{"href":"https:\/\/www.prefeituradavitoria.pe.gov.br\/portal\/index.php\/wp-json\/wp\/v2\/types\/page"}],"author":[{"embeddable":true,"href":"https:\/\/www.prefeituradavitoria.pe.gov.br\/portal\/index.php\/wp-json\/wp\/v2\/users\/1"}],"replies":[{"embeddable":true,"href":"https:\/\/www.prefeituradavitoria.pe.gov.br\/portal\/index.php\/wp-json\/wp\/v2\/comments?post=18181"}],"version-history":[{"count":44,"href":"https:\/\/www.prefeituradavitoria.pe.gov.br\/portal\/index.php\/wp-json\/wp\/v2\/pages\/18181\/revisions"}],"predecessor-version":[{"id":32282,"href":"https:\/\/www.prefeituradavitoria.pe.gov.br\/portal\/index.php\/wp-json\/wp\/v2\/pages\/18181\/revisions\/32282"}],"wp:attachment":[{"href":"https:\/\/www.prefeituradavitoria.pe.gov.br\/portal\/index.php\/wp-json\/wp\/v2\/media?parent=18181"}],"curies":[{"name":"wp","href":"https:\/\/api.w.org\/{rel}","templated":true}]}}