{"id":31477,"date":"2025-01-15T18:32:47","date_gmt":"2025-01-15T18:32:47","guid":{"rendered":"https:\/\/www.prefeituradavitoria.pe.gov.br\/portal\/?page_id=31477"},"modified":"2025-09-02T11:16:46","modified_gmt":"2025-09-02T11:16:46","slug":"secretaria-da-primeira-infancia","status":"publish","type":"page","link":"https:\/\/www.prefeituradavitoria.pe.gov.br\/portal\/index.php\/secretaria-da-primeira-infancia\/","title":{"rendered":"Secretaria da Primeira Inf\u00e2ncia"},"content":{"rendered":"\t\t<div data-elementor-type=\"wp-page\" data-elementor-id=\"31477\" class=\"elementor elementor-31477\">\n\t\t\t\t\t\t<section class=\"elementor-section elementor-top-section elementor-element elementor-element-385e1c3 elementor-section-full_width elementor-hidden-tablet elementor-hidden-phone elementor-section-height-default elementor-section-height-default\" data-id=\"385e1c3\" data-element_type=\"section\" data-e-type=\"section\">\n\t\t\t\t\t\t<div class=\"elementor-container elementor-column-gap-default\">\n\t\t\t\t\t<div class=\"elementor-column elementor-col-100 elementor-top-column elementor-element elementor-element-3cbedca\" data-id=\"3cbedca\" data-element_type=\"column\" data-e-type=\"column\">\n\t\t\t<div class=\"elementor-widget-wrap elementor-element-populated\">\n\t\t\t\t\t\t<div class=\"elementor-element elementor-element-b7f0576 elementor-widget elementor-widget-spacer\" data-id=\"b7f0576\" data-element_type=\"widget\" data-e-type=\"widget\" data-widget_type=\"spacer.default\">\n\t\t\t\t<div class=\"elementor-widget-container\">\n\t\t\t\t\t\t\t<div class=\"elementor-spacer\">\n\t\t\t<div class=\"elementor-spacer-inner\"><\/div>\n\t\t<\/div>\n\t\t\t\t\t\t<\/div>\n\t\t\t\t<\/div>\n\t\t\t\t\t<\/div>\n\t\t<\/div>\n\t\t\t\t\t<\/div>\n\t\t<\/section>\n\t\t\t\t<section class=\"elementor-section elementor-top-section elementor-element elementor-element-c4d423c elementor-section-boxed elementor-section-height-default elementor-section-height-default\" data-id=\"c4d423c\" data-element_type=\"section\" data-e-type=\"section\">\n\t\t\t\t\t\t<div class=\"elementor-container elementor-column-gap-default\">\n\t\t\t\t\t<div class=\"elementor-column elementor-col-100 elementor-top-column elementor-element elementor-element-1d384c0\" data-id=\"1d384c0\" data-element_type=\"column\" data-e-type=\"column\">\n\t\t\t<div class=\"elementor-widget-wrap elementor-element-populated\">\n\t\t\t\t\t\t<div class=\"elementor-element elementor-element-e078c6c elementor-widget elementor-widget-hfe-breadcrumbs-widget\" data-id=\"e078c6c\" data-element_type=\"widget\" data-e-type=\"widget\" data-widget_type=\"hfe-breadcrumbs-widget.default\">\n\t\t\t\t<div class=\"elementor-widget-container\">\n\t\t\t\t\t<nav aria-label=\"Breadcrumb\"><ul class=\"hfe-breadcrumbs hfe-breadcrumbs-show-home\"><li class=\"hfe-breadcrumbs-item hfe-breadcrumbs-first\"><span class=\"hfe-breadcrumbs-home-icon\"><i aria-hidden=\"true\" class=\"fas fa-home\"><\/i><\/span><a href=\"https:\/\/www.prefeituradavitoria.pe.gov.br\/portal\"><span class=\"hfe-breadcrumbs-text\">Home<\/span><\/a><\/li><\/ul><\/nav>\t\t\t\t<\/div>\n\t\t\t\t<\/div>\n\t\t\t\t\t<\/div>\n\t\t<\/div>\n\t\t\t\t\t<\/div>\n\t\t<\/section>\n\t\t\t\t<section class=\"elementor-section elementor-top-section elementor-element elementor-element-a073d36 elementor-section-boxed elementor-section-height-default elementor-section-height-default\" data-id=\"a073d36\" data-element_type=\"section\" data-e-type=\"section\" data-settings=\"{&quot;background_background&quot;:&quot;classic&quot;,&quot;shape_divider_top&quot;:&quot;pyramids&quot;}\">\n\t\t\t\t\t<div class=\"elementor-shape elementor-shape-top\" aria-hidden=\"true\" data-negative=\"false\">\n\t\t\t<svg xmlns=\"http:\/\/www.w3.org\/2000\/svg\" viewBox=\"0 0 1000 100\" preserveAspectRatio=\"none\">\n\t<path class=\"elementor-shape-fill\" d=\"M761.9,44.1L643.1,27.2L333.8,98L0,3.8V0l1000,0v3.9\"\/>\n<\/svg>\t\t<\/div>\n\t\t\t\t\t<div class=\"elementor-container elementor-column-gap-default\">\n\t\t\t\t\t<div class=\"elementor-column elementor-col-100 elementor-top-column elementor-element elementor-element-850d371\" data-id=\"850d371\" data-element_type=\"column\" data-e-type=\"column\">\n\t\t\t<div class=\"elementor-widget-wrap elementor-element-populated\">\n\t\t\t\t\t\t<div class=\"elementor-element elementor-element-b4c2421 elementor-widget elementor-widget-heading\" data-id=\"b4c2421\" data-element_type=\"widget\" data-e-type=\"widget\" data-widget_type=\"heading.default\">\n\t\t\t\t<div class=\"elementor-widget-container\">\n\t\t\t\t\t<h2 class=\"elementor-heading-title elementor-size-default\">Secretaria da Primeira Inf\u00e2ncia<\/h2>\t\t\t\t<\/div>\n\t\t\t\t<\/div>\n\t\t\t\t\t<\/div>\n\t\t<\/div>\n\t\t\t\t\t<\/div>\n\t\t<\/section>\n\t\t\t\t<section class=\"elementor-section elementor-top-section elementor-element elementor-element-aab3f3c elementor-section-boxed elementor-section-height-default elementor-section-height-default\" data-id=\"aab3f3c\" data-element_type=\"section\" data-e-type=\"section\">\n\t\t\t\t\t\t<div class=\"elementor-container elementor-column-gap-default\">\n\t\t\t\t\t<div class=\"elementor-column elementor-col-100 elementor-top-column elementor-element elementor-element-2fac840\" data-id=\"2fac840\" data-element_type=\"column\" data-e-type=\"column\">\n\t\t\t<div class=\"elementor-widget-wrap elementor-element-populated\">\n\t\t\t\t\t\t<div class=\"elementor-element elementor-element-9e16b63 elementor-tabs-view-horizontal elementor-widget elementor-widget-tabs\" data-id=\"9e16b63\" data-element_type=\"widget\" data-e-type=\"widget\" data-widget_type=\"tabs.default\">\n\t\t\t\t<div class=\"elementor-widget-container\">\n\t\t\t\t\t\t\t<div class=\"elementor-tabs\">\n\t\t\t<div class=\"elementor-tabs-wrapper\" role=\"tablist\" >\n\t\t\t\t\t\t\t\t\t<div id=\"elementor-tab-title-1651\" class=\"elementor-tab-title elementor-tab-desktop-title\" aria-selected=\"true\" data-tab=\"1\" role=\"tab\" tabindex=\"0\" aria-controls=\"elementor-tab-content-1651\" aria-expanded=\"false\">Contato<\/div>\n\t\t\t\t\t\t\t\t\t<div id=\"elementor-tab-title-1652\" class=\"elementor-tab-title elementor-tab-desktop-title\" aria-selected=\"false\" data-tab=\"2\" role=\"tab\" tabindex=\"-1\" aria-controls=\"elementor-tab-content-1652\" aria-expanded=\"false\">Informa\u00e7\u00f5es da Secretaria<\/div>\n\t\t\t\t\t\t\t<\/div>\n\t\t\t<div class=\"elementor-tabs-content-wrapper\" role=\"tablist\" aria-orientation=\"vertical\">\n\t\t\t\t\t\t\t\t\t<div class=\"elementor-tab-title elementor-tab-mobile-title\" aria-selected=\"true\" data-tab=\"1\" role=\"tab\" tabindex=\"0\" aria-controls=\"elementor-tab-content-1651\" aria-expanded=\"false\">Contato<\/div>\n\t\t\t\t\t<div id=\"elementor-tab-content-1651\" class=\"elementor-tab-content elementor-clearfix\" data-tab=\"1\" role=\"tabpanel\" aria-labelledby=\"elementor-tab-title-1651\" tabindex=\"0\" hidden=\"false\"><p><strong><img fetchpriority=\"high\" decoding=\"async\" class=\"size-medium wp-image-31538 alignright\" src=\"http:\/\/www.prefeituradavitoria.pe.gov.br\/portal\/wp-content\/uploads\/2025\/01\/WALESKA-BARROS-288x300.jpg\" alt=\"\" width=\"288\" height=\"300\" srcset=\"https:\/\/www.prefeituradavitoria.pe.gov.br\/portal\/wp-content\/uploads\/2025\/01\/WALESKA-BARROS-288x300.jpg 288w, https:\/\/www.prefeituradavitoria.pe.gov.br\/portal\/wp-content\/uploads\/2025\/01\/WALESKA-BARROS.jpg 350w\" sizes=\"(max-width: 288px) 100vw, 288px\" \/>Secret\u00e1ria<\/strong>: Waleska Maria Almeida Barros<\/p><p><span style=\"font-weight: bold;\">Telefone<\/span>: (81) 3145-0553<br \/><span style=\"font-weight: bold;\">Hor\u00e1rio de Atendimento:<\/span>\u00a0Segunda a sexta, 07h \u00e0s 13h<br \/><span style=\"font-weight: bold;\">Endere\u00e7o<\/span>: Rua Dem\u00f3crito Cavalcante, n\u00ba 144, Livramento (sede da Prefeitura)<\/p><\/div>\n\t\t\t\t\t\t\t\t\t<div class=\"elementor-tab-title elementor-tab-mobile-title\" aria-selected=\"false\" data-tab=\"2\" role=\"tab\" tabindex=\"-1\" aria-controls=\"elementor-tab-content-1652\" aria-expanded=\"false\">Informa\u00e7\u00f5es da Secretaria<\/div>\n\t\t\t\t\t<div id=\"elementor-tab-content-1652\" class=\"elementor-tab-content elementor-clearfix\" data-tab=\"2\" role=\"tabpanel\" aria-labelledby=\"elementor-tab-title-1652\" tabindex=\"0\" hidden=\"hidden\"><p><strong>Atribui\u00e7\u00f5es:<\/strong><\/p>\n<p><\/p>\n<p>A Secretaria da Primeira Inf\u00e2ncia tem a miss\u00e3o de promover o desenvolvimento integral, a inclus\u00e3o e o bem-estar de toda a crian\u00e7a na primeira inf\u00e2ncia, valorizando sua individualidade e direitos, por meio de a\u00e7\u00f5es colaborativas com fam\u00edlias, profissionais e comunidades, garantindo um ambiente acolhedor, seguro e sustent\u00e1vel. Entre as suas atribui\u00e7\u00f5es constam: Elaborar e implementar pol\u00edticas p\u00fablicas voltadas ao desenvolvimento integral da crian\u00e7a na primeira inf\u00e2ncia; Promover a\u00e7\u00f5es de sa\u00fade, educa\u00e7\u00e3o, assist\u00eancia social, cultura e prote\u00e7\u00e3o \u00e0 crian\u00e7a; Coordenar programas de aten\u00e7\u00e3o \u00e0 sa\u00fade materno-infantil, incluindo vacina\u00e7\u00e3o, acompanhamento do crescimento e desenvolvimento; Fomentar a oferta de creches, pr\u00e9-escolas e espa\u00e7os de conviv\u00eancia adequados \u00e0s necessidades das crian\u00e7as; Articular com outros \u00f3rg\u00e3os e entidades para garantir uma abordagem integrada \u00e0s a\u00e7\u00f5es voltadas \u00e0 primeira inf\u00e2ncia; Realizar campanhas de conscientiza\u00e7\u00e3o e educa\u00e7\u00e3o para pais, respons\u00e1veis e comunidade sobre a import\u00e2ncia do cuidado na primeira inf\u00e2ncia; Monitorar e avaliar as a\u00e7\u00f5es e programas implementados, garantindo a sua efetividade. Compete \u00e0 Secretaria: Planejar, coordenar e acompanhar as a\u00e7\u00f5es relacionadas \u00e0 primeira inf\u00e2ncia no \u00e2mbito do munic\u00edpio; Garantir o acesso universal \u00e0s a\u00e7\u00f5es de sa\u00fade, educa\u00e7\u00e3o e assist\u00eancia social para crian\u00e7as na faixa de zero a seis anos; Promover a forma\u00e7\u00e3o e capacita\u00e7\u00e3o de profissionais que atuam na \u00e1rea da primeira inf\u00e2ncia; Defender os direitos das crian\u00e7as, assegurando ambientes seguros, saud\u00e1veis e estimulantes; Elaborar e gerir or\u00e7amentos destinados \u00e0s a\u00e7\u00f5es de primeira inf\u00e2ncia; Promover a integra\u00e7\u00e3o de pol\u00edticas p\u00fablicas e a\u00e7\u00f5es intersetoriais voltadas \u00e0s crian\u00e7as e suas fam\u00edlias.<\/p><\/div>\n\t\t\t\t\t\t\t<\/div>\n\t\t<\/div>\n\t\t\t\t\t\t<\/div>\n\t\t\t\t<\/div>\n\t\t\t\t\t<\/div>\n\t\t<\/div>\n\t\t\t\t\t<\/div>\n\t\t<\/section>\n\t\t\t\t<\/div>\n\t\t","protected":false},"excerpt":{"rendered":"<p>Home Secretaria da Primeira Inf\u00e2ncia Contato Informa\u00e7\u00f5es da Secretaria Contato Secret\u00e1ria: Waleska Maria Almeida Barros Telefone: (81) 3145-0553Hor\u00e1rio de Atendimento:\u00a0Segunda a sexta, 07h \u00e0s 13hEndere\u00e7o: Rua Dem\u00f3crito Cavalcante, n\u00ba 144, Livramento (sede da Prefeitura) Informa\u00e7\u00f5es da Secretaria Atribui\u00e7\u00f5es: A Secretaria da Primeira Inf\u00e2ncia tem a miss\u00e3o de promover o desenvolvimento integral, a inclus\u00e3o e o [&hellip;]<\/p>\n","protected":false},"author":1,"featured_media":0,"parent":0,"menu_order":0,"comment_status":"closed","ping_status":"closed","template":"","meta":{"site-sidebar-layout":"no-sidebar","site-content-layout":"page-builder","ast-site-content-layout":"default","site-content-style":"default","site-sidebar-style":"default","ast-global-header-display":"","ast-banner-title-visibility":"","ast-main-header-display":"","ast-hfb-above-header-display":"","ast-hfb-below-header-display":"","ast-hfb-mobile-header-display":"","site-post-title":"disabled","ast-breadcrumbs-content":"","ast-featured-img":"disabled","footer-sml-layout":"","ast-disable-related-posts":"","theme-transparent-header-meta":"enabled","adv-header-id-meta":"","stick-header-meta":"","header-above-stick-meta":"","header-main-stick-meta":"","header-below-stick-meta":"","astra-migrate-meta-layouts":"default","ast-page-background-enabled":"default","ast-page-background-meta":{"desktop":{"background-color":"","background-image":"","background-repeat":"repeat","background-position":"center center","background-size":"auto","background-attachment":"scroll","background-type":"","background-media":"","overlay-type":"","overlay-color":"","overlay-opacity":"","overlay-gradient":""},"tablet":{"background-color":"","background-image":"","background-repeat":"repeat","background-position":"center center","background-size":"auto","background-attachment":"scroll","background-type":"","background-media":"","overlay-type":"","overlay-color":"","overlay-opacity":"","overlay-gradient":""},"mobile":{"background-color":"","background-image":"","background-repeat":"repeat","background-position":"center center","background-size":"auto","background-attachment":"scroll","background-type":"","background-media":"","overlay-type":"","overlay-color":"","overlay-opacity":"","overlay-gradient":""}},"ast-content-background-meta":{"desktop":{"background-color":"var(--ast-global-color-5)","background-image":"","background-repeat":"repeat","background-position":"center center","background-size":"auto","background-attachment":"scroll","background-type":"","background-media":"","overlay-type":"","overlay-color":"","overlay-opacity":"","overlay-gradient":""},"tablet":{"background-color":"var(--ast-global-color-5)","background-image":"","background-repeat":"repeat","background-position":"center center","background-size":"auto","background-attachment":"scroll","background-type":"","background-media":"","overlay-type":"","overlay-color":"","overlay-opacity":"","overlay-gradient":""},"mobile":{"background-color":"var(--ast-global-color-5)","background-image":"","background-repeat":"repeat","background-position":"center center","background-size":"auto","background-attachment":"scroll","background-type":"","background-media":"","overlay-type":"","overlay-color":"","overlay-opacity":"","overlay-gradient":""}},"footnotes":""},"class_list":["post-31477","page","type-page","status-publish","hentry"],"_links":{"self":[{"href":"https:\/\/www.prefeituradavitoria.pe.gov.br\/portal\/index.php\/wp-json\/wp\/v2\/pages\/31477","targetHints":{"allow":["GET"]}}],"collection":[{"href":"https:\/\/www.prefeituradavitoria.pe.gov.br\/portal\/index.php\/wp-json\/wp\/v2\/pages"}],"about":[{"href":"https:\/\/www.prefeituradavitoria.pe.gov.br\/portal\/index.php\/wp-json\/wp\/v2\/types\/page"}],"author":[{"embeddable":true,"href":"https:\/\/www.prefeituradavitoria.pe.gov.br\/portal\/index.php\/wp-json\/wp\/v2\/users\/1"}],"replies":[{"embeddable":true,"href":"https:\/\/www.prefeituradavitoria.pe.gov.br\/portal\/index.php\/wp-json\/wp\/v2\/comments?post=31477"}],"version-history":[{"count":25,"href":"https:\/\/www.prefeituradavitoria.pe.gov.br\/portal\/index.php\/wp-json\/wp\/v2\/pages\/31477\/revisions"}],"predecessor-version":[{"id":33073,"href":"https:\/\/www.prefeituradavitoria.pe.gov.br\/portal\/index.php\/wp-json\/wp\/v2\/pages\/31477\/revisions\/33073"}],"wp:attachment":[{"href":"https:\/\/www.prefeituradavitoria.pe.gov.br\/portal\/index.php\/wp-json\/wp\/v2\/media?parent=31477"}],"curies":[{"name":"wp","href":"https:\/\/api.w.org\/{rel}","templated":true}]}}